{"id":1548,"date":"2025-01-31T10:00:16","date_gmt":"2025-01-31T09:00:16","guid":{"rendered":"https:\/\/www.geowaermewende.de\/?page_id=1548"},"modified":"2025-01-31T10:10:28","modified_gmt":"2025-01-31T09:10:28","slug":"knwn","status":"publish","type":"page","link":"https:\/\/www.geowaermewende.de\/en\/knwn\/","title":{"rendered":"KNWN"},"content":{"rendered":"<div data-elementor-type=\"wp-page\" data-elementor-id=\"1548\" class=\"elementor elementor-1548\" data-elementor-post-type=\"page\">\n\t\t\t\t\t\t<section class=\"elementor-section elementor-top-section elementor-element elementor-element-335df91d elementor-section-height-min-height elementor-section-content-middle elementor-section-full_width elementor-section-items-stretch elementor-section-height-default\" data-id=\"335df91d\" data-element_type=\"section\" data-e-type=\"section\" data-settings=\"{&quot;background_background&quot;:&quot;classic&quot;,&quot;jet_parallax_layout_list&quot;:[]}\">\n\t\t\t\t\t\t\t<div class=\"elementor-background-overlay\"><\/div>\n\t\t\t\t\t\t\t<div class=\"elementor-container elementor-column-gap-default\">\n\t\t\t\t\t<div class=\"elementor-column elementor-col-100 elementor-top-column elementor-element elementor-element-69c9e6f8\" data-id=\"69c9e6f8\" data-element_type=\"column\" data-e-type=\"column\">\n\t\t\t<div class=\"elementor-widget-wrap\">\n\t\t\t\t\t\t\t<\/div>\n\t\t<\/div>\n\t\t\t\t\t<\/div>\n\t\t<\/section>\n\t\t\t\t<section class=\"elementor-section elementor-top-section elementor-element elementor-element-80bbfd3 elementor-section-full_width elementor-section-height-default elementor-section-height-default\" data-id=\"80bbfd3\" data-element_type=\"section\" data-e-type=\"section\" data-settings=\"{&quot;jet_parallax_layout_list&quot;:[]}\">\n\t\t\t\t\t\t<div class=\"elementor-container elementor-column-gap-no\">\n\t\t\t\t\t<div class=\"elementor-column elementor-col-100 elementor-top-column elementor-element elementor-element-c4b62af\" data-id=\"c4b62af\" data-element_type=\"column\" data-e-type=\"column\">\n\t\t\t<div class=\"elementor-widget-wrap elementor-element-populated\">\n\t\t\t\t\t\t<div class=\"elementor-element elementor-element-7ae715e elementor-widget elementor-widget-heading\" data-id=\"7ae715e\" data-element_type=\"widget\" data-e-type=\"widget\" data-widget_type=\"heading.default\">\n\t\t\t\t<div class=\"elementor-widget-container\">\n\t\t\t\t\t<h2 class=\"elementor-heading-title elementor-size-default\">Low temperature district heating and cooling <\/h2>\t\t\t\t<\/div>\n\t\t\t\t<\/div>\n\t\t\t\t<div class=\"elementor-element elementor-element-e5d49db elementor-widget elementor-widget-heading\" data-id=\"e5d49db\" data-element_type=\"widget\" data-e-type=\"widget\" data-widget_type=\"heading.default\">\n\t\t\t\t<div class=\"elementor-widget-container\">\n\t\t\t\t\t<h3 class=\"elementor-heading-title elementor-size-default\">An innovative solution for municipal heat supply<\/h3>\t\t\t\t<\/div>\n\t\t\t\t<\/div>\n\t\t\t\t\t<\/div>\n\t\t<\/div>\n\t\t\t\t\t<\/div>\n\t\t<\/section>\n\t\t\t\t<section class=\"elementor-section elementor-top-section elementor-element elementor-element-39ebd6a elementor-section-full_width elementor-section-height-default elementor-section-height-default\" data-id=\"39ebd6a\" data-element_type=\"section\" data-e-type=\"section\" data-settings=\"{&quot;jet_parallax_layout_list&quot;:[]}\">\n\t\t\t\t\t\t<div class=\"elementor-container elementor-column-gap-no\">\n\t\t\t\t\t<div class=\"elementor-column elementor-col-100 elementor-top-column elementor-element elementor-element-aaa7c1f\" data-id=\"aaa7c1f\" data-element_type=\"column\" data-e-type=\"column\">\n\t\t\t<div class=\"elementor-widget-wrap elementor-element-populated\">\n\t\t\t\t\t\t<div class=\"elementor-element elementor-element-86415f9 elementor-widget elementor-widget-text-editor\" data-id=\"86415f9\" data-element_type=\"widget\" data-e-type=\"widget\" data-widget_type=\"text-editor.default\">\n\t\t\t\t<div class=\"elementor-widget-container\">\n\t\t\t\t\t\t\t\t\t<p><strong>The transformation from centralised fossil energy generation to decentralised renewable energies is one of the greatest challenges facing municipalities. low temperature district heating and cooling (LTDHC) offer a particularly efficient and forward-looking solution for neighbourhood supply.<\/strong><\/p><h4>Functionality<\/h4><p>A cold local heating network is operated at the temperature level of the surrounding ground, typically between 5-15\u00b0C. The pipes are laid close to the surface and - unlike conventional heating networks - do not need to be insulated. This not only reduces investment costs, but also offers a particular advantage: the uninsulated pipes themselves act as geothermal collectors and can draw energy from the ground or feed it into the ground.<\/p><p>Decentralised brine\/water heat pumps are installed in the connected buildings. These utilise the cold grid as a heat source and raise the temperature to the level required for heating and hot water. In summer, the system can also be used for cooling by transferring excess heat from the buildings into the grid and thus into the ground. This seasonal storage in the ground contributes to the regeneration of the system.<\/p>\t\t\t\t\t\t\t\t<\/div>\n\t\t\t\t<\/div>\n\t\t\t\t\t<\/div>\n\t\t<\/div>\n\t\t\t\t\t<\/div>\n\t\t<\/section>\n\t\t\t\t<section class=\"elementor-section elementor-top-section elementor-element elementor-element-eb4b806 elementor-section-full_width elementor-section-height-default elementor-section-height-default\" data-id=\"eb4b806\" data-element_type=\"section\" data-e-type=\"section\" data-settings=\"{&quot;jet_parallax_layout_list&quot;:[]}\">\n\t\t\t\t\t\t<div class=\"elementor-container elementor-column-gap-no\">\n\t\t\t\t\t<div class=\"elementor-column elementor-col-100 elementor-top-column elementor-element elementor-element-68c0e11\" data-id=\"68c0e11\" data-element_type=\"column\" data-e-type=\"column\">\n\t\t\t<div class=\"elementor-widget-wrap elementor-element-populated\">\n\t\t\t\t\t\t<div class=\"elementor-element elementor-element-e85458e elementor-widget elementor-widget-heading\" data-id=\"e85458e\" data-element_type=\"widget\" data-e-type=\"widget\" data-widget_type=\"heading.default\">\n\t\t\t\t<div class=\"elementor-widget-container\">\n\t\t\t\t\t<h2 class=\"elementor-heading-title elementor-size-default\">Key advantages:<\/h2>\t\t\t\t<\/div>\n\t\t\t\t<\/div>\n\t\t\t\t<div class=\"elementor-element elementor-element-ee61d6b elementor-widget elementor-widget-text-editor\" data-id=\"ee61d6b\" data-element_type=\"widget\" data-e-type=\"widget\" data-widget_type=\"text-editor.default\">\n\t\t\t\t<div class=\"elementor-widget-container\">\n\t\t\t\t\t\t\t\t\t<h3>1. energy efficiency<\/h3><ul><li>Minimised heat loss due to low system temperatures<\/li><li>Utilisation of the pipes as an additional heat source (collector function)<\/li><li>Possibility of seasonal heat storage in the ground<\/li><li>Bidirectional operation enables heating and cooling<\/li><li>Significantly higher efficiency of brine\/water heat pumps compared to air\/water heat pumps due to more constant temperature level of the heat source<\/li><\/ul>\t\t\t\t\t\t\t\t<\/div>\n\t\t\t\t<\/div>\n\t\t\t\t<div class=\"elementor-element elementor-element-2fc7045 elementor-widget elementor-widget-text-editor\" data-id=\"2fc7045\" data-element_type=\"widget\" data-e-type=\"widget\" data-widget_type=\"text-editor.default\">\n\t\t\t\t<div class=\"elementor-widget-container\">\n\t\t\t\t\t\t\t\t\t<h3>2. economic efficiency<\/h3><ul><li>Lower investment costs by dispensing with pipe insulation<\/li><li>Reduced operating costs due to minimised heat loss<\/li><li>Smaller dimensioning of the coupled source systems possible<\/li><li>Integration of photovoltaics for heat pump operation possible<\/li><\/ul>\t\t\t\t\t\t\t\t<\/div>\n\t\t\t\t<\/div>\n\t\t\t\t<div class=\"elementor-element elementor-element-7f05923 elementor-widget elementor-widget-text-editor\" data-id=\"7f05923\" data-element_type=\"widget\" data-e-type=\"widget\" data-widget_type=\"text-editor.default\">\n\t\t\t\t<div class=\"elementor-widget-container\">\n\t\t\t\t\t\t\t\t\t<h3>3. sustainability<\/h3><ul><li><p>Can be designed to be completely fuel-free<\/p><\/li><li><p>High proportion of renewable energies<\/p><\/li><li><p>Utilisation of local energy sources<\/p><\/li><li><p>CO2-neutral operation with the use of green electricity<\/p><\/li><\/ul>\t\t\t\t\t\t\t\t<\/div>\n\t\t\t\t<\/div>\n\t\t\t\t<div class=\"elementor-element elementor-element-b39f83b elementor-widget elementor-widget-text-editor\" data-id=\"b39f83b\" data-element_type=\"widget\" data-e-type=\"widget\" data-widget_type=\"text-editor.default\">\n\t\t\t\t<div class=\"elementor-widget-container\">\n\t\t\t\t\t\t\t\t\t<h3>4. flexibility and future-proofing<\/h3><ul><li>Modular design enables step-by-step expansion<\/li><li>Integration of various renewable energy sources possible<\/li><li>Adaptable to different building types and standards<\/li><li>Load shifting through underground storage possible<\/li><\/ul>\t\t\t\t\t\t\t\t<\/div>\n\t\t\t\t<\/div>\n\t\t\t\t<div class=\"elementor-element elementor-element-3503cfe elementor-widget elementor-widget-text-editor\" data-id=\"3503cfe\" data-element_type=\"widget\" data-e-type=\"widget\" data-widget_type=\"text-editor.default\">\n\t\t\t\t<div class=\"elementor-widget-container\">\n\t\t\t\t\t\t\t\t\t<h3>5. operating advantages of brine\/water heat pumps<\/h3><ul><li>Significantly lower noise levels compared to air\/water heat pumps, as no outdoor unit with fan is required<\/li><li>Higher annual coefficients of performance due to more stable temperature level of the heat source<\/li><li>Better efficiency, especially during the heating period, when air\/water heat pumps become inefficient at low outside temperatures<\/li><li>Less maintenance required due to fewer moving parts and protected operation<\/li><li>Longer service life of system components<\/li><\/ul><p><br \/>LTDHC are particularly suitable for new development areas with buildings that meet the latest energy standards. The decentralised structure with heat pumps in each building enables individual control and optimisation. By integrating photovoltaic systems on the roofs, part of the electricity required by the heat pumps can be generated directly on site.<\/p>\t\t\t\t\t\t\t\t<\/div>\n\t\t\t\t<\/div>\n\t\t\t\t<div class=\"elementor-element elementor-element-b619e60 elementor-widget elementor-widget-text-editor\" data-id=\"b619e60\" data-element_type=\"widget\" data-e-type=\"widget\" data-widget_type=\"text-editor.default\">\n\t\t\t\t<div class=\"elementor-widget-container\">\n\t\t\t\t\t\t\t\t\t<h2>Planning aspects<\/h2><p>When planning a LTDHC, a number of special features must be taken into account:<\/p><ul><li>Geological suitability of the subsoil must be tested<\/li><li>Water law authorisations are required<\/li><li>Sufficient area must be available for any geothermal probes<\/li><li>Buildings should be designed for low-temperature heating systems<\/li><li>Coordination with other supply lines necessary<\/li><\/ul><p><br \/>Experience from realised projects shows that ground source heat pumps are a technically mature and economically attractive option for the sustainable heat supply of neighbourhoods. They combine the advantages of near-surface geothermal energy with efficient heat pump technology and offer a high degree of flexibility for future developments.<\/p><p>For municipalities, district heating networks offer the opportunity to effectively realise their climate protection goals in the heating sector and at the same time create a future-proof infrastructure for their citizens.<\/p>\t\t\t\t\t\t\t\t<\/div>\n\t\t\t\t<\/div>\n\t\t\t\t\t<\/div>\n\t\t<\/div>\n\t\t\t\t\t<\/div>\n\t\t<\/section>\n\t\t\t\t<\/div>","protected":false},"excerpt":{"rendered":"<p>Kalte Nahw\u00e4rmenetze Eine innovative L\u00f6sung f\u00fcr die kommunale W\u00e4rmeversorgung Die Transformation von zentraler fossiler Energieerzeugung hin zu dezentralen erneuerbaren Energien ist eine der gr\u00f6\u00dften Herausforderungen f\u00fcr Kommunen. Kalte Nahw\u00e4rmenetze (KNWN) bieten hier eine besonders effiziente und zukunftsweisende L\u00f6sung f\u00fcr die Quartiersversorgung. Funktionsweise Ein kaltes Nahw\u00e4rmenetz wird auf dem Temperaturniveau des umgebenden Erdreichs betrieben, typischerweise zwischen [&hellip;]<\/p>\n","protected":false},"author":1,"featured_media":0,"parent":0,"menu_order":10,"comment_status":"closed","ping_status":"closed","template":"elementor_header_footer","meta":{"footnotes":""},"folder":[],"class_list":["post-1548","page","type-page","status-publish","hentry"],"yoast_head":"<!-- This site is optimized with the Yoast SEO plugin v27.5 - https:\/\/yoast.com\/product\/yoast-seo-wordpress\/ -->\n<title>KNWN - www.geowaermewende.de<\/title>\n<meta name=\"robots\" content=\"index, follow, max-snippet:-1, max-image-preview:large, max-video-preview:-1\" \/>\n<link rel=\"canonical\" href=\"https:\/\/www.geowaermewende.de\/en\/knwn\/\" \/>\n<meta property=\"og:locale\" content=\"en_GB\" \/>\n<meta property=\"og:type\" content=\"article\" \/>\n<meta property=\"og:title\" content=\"KNWN - www.geowaermewende.de\" \/>\n<meta property=\"og:description\" content=\"Kalte Nahw\u00e4rmenetze Eine innovative L\u00f6sung f\u00fcr die kommunale W\u00e4rmeversorgung Die Transformation von zentraler fossiler Energieerzeugung hin zu dezentralen erneuerbaren Energien ist eine der gr\u00f6\u00dften Herausforderungen f\u00fcr Kommunen. Kalte Nahw\u00e4rmenetze (KNWN) bieten hier eine besonders effiziente und zukunftsweisende L\u00f6sung f\u00fcr die Quartiersversorgung. Funktionsweise Ein kaltes Nahw\u00e4rmenetz wird auf dem Temperaturniveau des umgebenden Erdreichs betrieben, typischerweise zwischen [&hellip;]\" \/>\n<meta property=\"og:url\" content=\"https:\/\/www.geowaermewende.de\/en\/knwn\/\" \/>\n<meta property=\"og:site_name\" content=\"www.geowaermewende.de\" \/>\n<meta property=\"article:modified_time\" content=\"2025-01-31T09:10:28+00:00\" \/>\n<meta name=\"twitter:card\" content=\"summary_large_image\" \/>\n<meta name=\"twitter:label1\" content=\"Estimated reading time\" \/>\n\t<meta name=\"twitter:data1\" content=\"2 minutes\" \/>\n<script type=\"application\/ld+json\" class=\"yoast-schema-graph\">{\"@context\":\"https:\\\/\\\/schema.org\",\"@graph\":[{\"@type\":\"WebPage\",\"@id\":\"https:\\\/\\\/www.geowaermewende.de\\\/knwn\\\/\",\"url\":\"https:\\\/\\\/www.geowaermewende.de\\\/knwn\\\/\",\"name\":\"KNWN - www.geowaermewende.de\",\"isPartOf\":{\"@id\":\"https:\\\/\\\/www.geowaermewende.de\\\/#website\"},\"datePublished\":\"2025-01-31T09:00:16+00:00\",\"dateModified\":\"2025-01-31T09:10:28+00:00\",\"breadcrumb\":{\"@id\":\"https:\\\/\\\/www.geowaermewende.de\\\/knwn\\\/#breadcrumb\"},\"inLanguage\":\"en-GB\",\"potentialAction\":[{\"@type\":\"ReadAction\",\"target\":[\"https:\\\/\\\/www.geowaermewende.de\\\/knwn\\\/\"]}]},{\"@type\":\"BreadcrumbList\",\"@id\":\"https:\\\/\\\/www.geowaermewende.de\\\/knwn\\\/#breadcrumb\",\"itemListElement\":[{\"@type\":\"ListItem\",\"position\":1,\"name\":\"Home\",\"item\":\"https:\\\/\\\/www.geowaermewende.de\\\/\"},{\"@type\":\"ListItem\",\"position\":2,\"name\":\"KNWN\"}]},{\"@type\":\"WebSite\",\"@id\":\"https:\\\/\\\/www.geowaermewende.de\\\/#website\",\"url\":\"https:\\\/\\\/www.geowaermewende.de\\\/\",\"name\":\"www.geowaermewende.de\",\"description\":\"Monitoring eines geothermisch gespeisten kalten Nahw\u00e4rmenetzes als Beitrag zur W\u00e4rmewende\",\"publisher\":{\"@id\":\"https:\\\/\\\/www.geowaermewende.de\\\/#organization\"},\"potentialAction\":[{\"@type\":\"SearchAction\",\"target\":{\"@type\":\"EntryPoint\",\"urlTemplate\":\"https:\\\/\\\/www.geowaermewende.de\\\/?s={search_term_string}\"},\"query-input\":{\"@type\":\"PropertyValueSpecification\",\"valueRequired\":true,\"valueName\":\"search_term_string\"}}],\"inLanguage\":\"en-GB\"},{\"@type\":\"Organization\",\"@id\":\"https:\\\/\\\/www.geowaermewende.de\\\/#organization\",\"name\":\"www.geowaermewende.de\",\"url\":\"https:\\\/\\\/www.geowaermewende.de\\\/\",\"logo\":{\"@type\":\"ImageObject\",\"inLanguage\":\"en-GB\",\"@id\":\"https:\\\/\\\/www.geowaermewende.de\\\/#\\\/schema\\\/logo\\\/image\\\/\",\"url\":\"https:\\\/\\\/www.geowaermewende.de\\\/wp-content\\\/uploads\\\/2022\\\/11\\\/GeoWaermeWende.svg\",\"contentUrl\":\"https:\\\/\\\/www.geowaermewende.de\\\/wp-content\\\/uploads\\\/2022\\\/11\\\/GeoWaermeWende.svg\",\"width\":260.7,\"height\":32.9,\"caption\":\"www.geowaermewende.de\"},\"image\":{\"@id\":\"https:\\\/\\\/www.geowaermewende.de\\\/#\\\/schema\\\/logo\\\/image\\\/\"}}]}<\/script>\n<!-- \/ Yoast SEO plugin. -->","yoast_head_json":{"title":"KNWN - www.geowaermewende.de","robots":{"index":"index","follow":"follow","max-snippet":"max-snippet:-1","max-image-preview":"max-image-preview:large","max-video-preview":"max-video-preview:-1"},"canonical":"https:\/\/www.geowaermewende.de\/en\/knwn\/","og_locale":"en_GB","og_type":"article","og_title":"KNWN - www.geowaermewende.de","og_description":"Kalte Nahw\u00e4rmenetze Eine innovative L\u00f6sung f\u00fcr die kommunale W\u00e4rmeversorgung Die Transformation von zentraler fossiler Energieerzeugung hin zu dezentralen erneuerbaren Energien ist eine der gr\u00f6\u00dften Herausforderungen f\u00fcr Kommunen. Kalte Nahw\u00e4rmenetze (KNWN) bieten hier eine besonders effiziente und zukunftsweisende L\u00f6sung f\u00fcr die Quartiersversorgung. Funktionsweise Ein kaltes Nahw\u00e4rmenetz wird auf dem Temperaturniveau des umgebenden Erdreichs betrieben, typischerweise zwischen [&hellip;]","og_url":"https:\/\/www.geowaermewende.de\/en\/knwn\/","og_site_name":"www.geowaermewende.de","article_modified_time":"2025-01-31T09:10:28+00:00","twitter_card":"summary_large_image","twitter_misc":{"Estimated reading time":"2 minutes"},"schema":{"@context":"https:\/\/schema.org","@graph":[{"@type":"WebPage","@id":"https:\/\/www.geowaermewende.de\/knwn\/","url":"https:\/\/www.geowaermewende.de\/knwn\/","name":"KNWN - www.geowaermewende.de","isPartOf":{"@id":"https:\/\/www.geowaermewende.de\/#website"},"datePublished":"2025-01-31T09:00:16+00:00","dateModified":"2025-01-31T09:10:28+00:00","breadcrumb":{"@id":"https:\/\/www.geowaermewende.de\/knwn\/#breadcrumb"},"inLanguage":"en-GB","potentialAction":[{"@type":"ReadAction","target":["https:\/\/www.geowaermewende.de\/knwn\/"]}]},{"@type":"BreadcrumbList","@id":"https:\/\/www.geowaermewende.de\/knwn\/#breadcrumb","itemListElement":[{"@type":"ListItem","position":1,"name":"Home","item":"https:\/\/www.geowaermewende.de\/"},{"@type":"ListItem","position":2,"name":"KNWN"}]},{"@type":"WebSite","@id":"https:\/\/www.geowaermewende.de\/#website","url":"https:\/\/www.geowaermewende.de\/","name":"www.geowaermewende.de","description":"Monitoring eines geothermisch gespeisten kalten Nahw\u00e4rmenetzes als Beitrag zur W\u00e4rmewende","publisher":{"@id":"https:\/\/www.geowaermewende.de\/#organization"},"potentialAction":[{"@type":"SearchAction","target":{"@type":"EntryPoint","urlTemplate":"https:\/\/www.geowaermewende.de\/?s={search_term_string}"},"query-input":{"@type":"PropertyValueSpecification","valueRequired":true,"valueName":"search_term_string"}}],"inLanguage":"en-GB"},{"@type":"Organization","@id":"https:\/\/www.geowaermewende.de\/#organization","name":"www.geowaermewende.de","url":"https:\/\/www.geowaermewende.de\/","logo":{"@type":"ImageObject","inLanguage":"en-GB","@id":"https:\/\/www.geowaermewende.de\/#\/schema\/logo\/image\/","url":"https:\/\/www.geowaermewende.de\/wp-content\/uploads\/2022\/11\/GeoWaermeWende.svg","contentUrl":"https:\/\/www.geowaermewende.de\/wp-content\/uploads\/2022\/11\/GeoWaermeWende.svg","width":260.7,"height":32.9,"caption":"www.geowaermewende.de"},"image":{"@id":"https:\/\/www.geowaermewende.de\/#\/schema\/logo\/image\/"}}]}},"_links":{"self":[{"href":"https:\/\/www.geowaermewende.de\/en\/wp-json\/wp\/v2\/pages\/1548","targetHints":{"allow":["GET"]}}],"collection":[{"href":"https:\/\/www.geowaermewende.de\/en\/wp-json\/wp\/v2\/pages"}],"about":[{"href":"https:\/\/www.geowaermewende.de\/en\/wp-json\/wp\/v2\/types\/page"}],"author":[{"embeddable":true,"href":"https:\/\/www.geowaermewende.de\/en\/wp-json\/wp\/v2\/users\/1"}],"replies":[{"embeddable":true,"href":"https:\/\/www.geowaermewende.de\/en\/wp-json\/wp\/v2\/comments?post=1548"}],"version-history":[{"count":10,"href":"https:\/\/www.geowaermewende.de\/en\/wp-json\/wp\/v2\/pages\/1548\/revisions"}],"predecessor-version":[{"id":1558,"href":"https:\/\/www.geowaermewende.de\/en\/wp-json\/wp\/v2\/pages\/1548\/revisions\/1558"}],"wp:attachment":[{"href":"https:\/\/www.geowaermewende.de\/en\/wp-json\/wp\/v2\/media?parent=1548"}],"wp:term":[{"taxonomy":"folder","embeddable":true,"href":"https:\/\/www.geowaermewende.de\/en\/wp-json\/wp\/v2\/folder?post=1548"}],"curies":[{"name":"wp","href":"https:\/\/api.w.org\/{rel}","templated":true}]}}